{"id":996,"date":"2014-06-02T21:19:11","date_gmt":"2014-06-03T01:19:11","guid":{"rendered":"http:\/\/nelsonmonuments.com\/?page_id=996"},"modified":"2017-03-24T12:29:31","modified_gmt":"2017-03-24T16:29:31","slug":"lhistorique-de-nelson-monuments","status":"publish","type":"page","link":"https:\/\/nelsonmonuments.com\/fr\/lhistorique-de-nelson-monuments\/","title":{"rendered":"L\u2019historique de Nelson Monuments"},"content":{"rendered":"<p><img loading=\"lazy\" decoding=\"async\" class=\"alignright\" title=\"historypic1\" src=\"http:\/\/nelsonmonuments.com\/media\/2011\/09\/historypic1.jpg\" alt=\"\" width=\"484\" height=\"203\" \/><\/p>\n<p>La brume de la baie de Fundy venait juste de se dissiper et les fr\u00e8res George et Percival Nelson rassemblaient en \u00e9quipe parents et amis pour transporter l\u2019\u00e9glise catholique de son site dans l\u2019int\u00e9rieur des bois du comt\u00e9 d\u2019Albert \u00e0 sa nouvelle demeure \u00e0 Lower Cape.\u00abPourvu que le temps reste clair pour un jour ou deux, nous l\u2019aurons toute install\u00e9e dans le temps de le dire\u00bb dit Percival. Les autres membres de l\u2019\u00e9quipe se disaient que la nouvelle entreprise, une usine de fabrication de monuments fun\u00e9raires, connue sous le nom tout simple de Nelson Monuments, avait solidement commenc\u00e9e, \u00e9tant donn\u00e9 son lieu chef. Il y avait beaucoup d\u2019\u00e9v\u00e8nements ayant marqu\u00e9 l\u2019histoire dans ces temps passionnants de 1909. Marconi et Braun venaient de remporter le prix Nobel pour la t\u00e9l\u00e9graphie sans fil. Les exploits de Robert Peary et Matthew Henson faisaient les manchettes alors que ces deux hommes devenaient les premiers \u00e0 atteindre le p\u00f4le Nord. L\u2019industrie aussi se transforme, pense George en couchant la fondation de ce qu\u2019il esp\u00e9rait allait devenir une entreprise qui pourrait sustenter les deux fr\u00e8res et leur famille. Une substance du nom de plastique venait d\u2019\u00eatre invent\u00e9e et il avait eu vent d\u2019une nouvelle invention en montre \u00e0 Halifax, un bateau propuls\u00e9 par un moteur hors-bord. L\u2019 espoir des Nelson, c\u2019\u00e9tait que la prosp\u00e9rit\u00e9 leur serait assur\u00e9e par leur expertise dans l\u2019extraction et la taille de la pierre.Plus de vingt ans plus tard, quand Percival prit sa retraite, une dynastie familiale \u00e9tait en train de s\u2019\u00e9tablir. Il pouvait \u00e0 peine entrevoir, lui dans son vieil \u00e2ge, que les racines entrepreneuriales plant\u00e9es par lui-m\u00eame et son fr\u00e8re George seraient encore en pleine effervescence dans le si\u00e8cle \u00e0 venir. Les fils de George, Russell et Maurice, d\u00e9j\u00e0 \u00e9mulaient l\u2019art du m\u00e9tier de leur p\u00e8re et au cours de l\u2019hiver 1933-34, la compagnie prit le nom de George W. Nelson &amp; Sons.<\/p>\n<p><img loading=\"lazy\" decoding=\"async\" class=\"alignleft\" title=\"historypic2\" src=\"http:\/\/nelsonmonuments.com\/media\/2011\/09\/historypic2.jpg\" alt=\"\" width=\"350\" height=\"222\" \/>\u00c0 l\u2019arriv\u00e9e de l\u2019ann\u00e9e 1946, la firme \u00e9tait pass\u00e9e compl\u00e8tement \u00e0 la nouvelle g\u00e9n\u00e9ration et les fr\u00e8res Russell et Maurice devinrent seuls propri\u00e9taires de l\u2019entreprise. Quatre ans plus tard, les affaires \u00e9tant tellement bonnes, ils ont d\u00fb construire une allonge \u00e0 l\u2019usine de fabrication de monuments puisque la vieille \u00e9glise d\u2019origine ne pouvait plus suffir. En 1954, les fr\u00e8res achetaient la grande meule, qui est toujours utilis\u00e9e de nos jours, et incorporaient leur firme toujours en spirale d\u2019expansion sous le nom de Nelson Monuments Ltd. L\u2019ann\u00e9e suivante, ils voyaient leur sph\u00e8re de march\u00e9 se r\u00e9pandre le long de la rivi\u00e8re Saint-Jean. Et cette croissance continua. En 1956, la premi\u00e8re machine \u00e0 scier \u00e0 fil \u00e9tait achet\u00e9e. En 1957, les Nelson commen\u00e7aient \u00e0 extraire la pierre de la r\u00e9gion de Hamstead. Cinquante ann\u00e9es apr\u00e8s ses humbles d\u00e9buts, en 1959, la firme traversait une importante \u00e9tape en \u00e9tablissant son usine de fabrication et son si\u00e8ge social \u00e0 Sussex, o\u00f9 ils sont situ\u00e9s encore aujourd\u2019hui. Les points tournants abondaient dans les quelques d\u00e9cennies suivantes. En 1962, la premi\u00e8re salle de montre \u00e9tait b\u00e2tie au 224 du chemin Westmorland \u00e0 Saint John, et les Nelson achetaient la Black Quarry dans la ville de granit de St. George. Cette carri\u00e8re ferma par apr\u00e8s, en 1969.<\/p>\n<p><img loading=\"lazy\" decoding=\"async\" class=\"alignright\" title=\"historypic3\" src=\"http:\/\/nelsonmonuments.com\/media\/2011\/09\/historypic3.jpg\" alt=\"\" width=\"430\" height=\"211\" \/><\/p>\n<p>En 1967, Russell Nelson et ses fils, Merrill Nelson, Eric Nelson, Carter Nelson et, plus tard, Garth Nelson, prenaient en mains la compagnie. En 1981, l\u2019entreprise commen\u00e7ait \u00e0 extraire la pierre \u00e0 Vermilion Bay, en Ontario, et quatre ans plus tard, elle prenait de l\u2019expansion du c\u00f4t\u00e9 de Kitchener, en Ontario, et c\u2019est Garth Nelson qui s\u2019en est charg\u00e9 avec le temps. De leur \u00e9tablissement central au c\u0153ur du pays des fermes laiti\u00e8res, les b\u00e2tisseurs de monuments continuaient d\u2019\u00e9largir l\u2019\u00e9ventail de leurs produits. En plus de construire des monuments \u00e0 la m\u00e9moire d\u2019\u00eatres chers, ils se sont mis \u00e0 cr\u00e9er des enseignes et des pr\u00e9sentations sp\u00e9ciales, et d\u00e8s lors s\u2019engag\u00e8rent dans un tout nouveau domaine de comptoirs en granit. Leur pr\u00e9sence sur le march\u00e9 continue et les commandes sont exp\u00e9di\u00e9es partout au Canada atlantique, aux \u00e9tats de la Nouvelle-Angleterre, ainsi qu\u2019au Qu\u00e9bec et en Ontario. Une nouvelle \u00e8re s\u2019inaugurait en 2001 pour la famille riche d\u2019histoire quand leur soci\u00e9t\u00e9 fut acquise par une autre famille entrepreneuriale, celle des Imbeault de Moncton. Aujourd\u2019hui, ce m\u00eame sens de soins, de qualit\u00e9 et d\u2019innovation qui inspira les fr\u00e8res George et Percival au lancement de leur entreprise au tournant du si\u00e8cle au comt\u00e9 d\u2019Albert se continue. De nouveaux produits sont cr\u00e9\u00e9s et un nouveau savoir-faire se lie au m\u00e9tier traditionnel, au bonheur d\u2019un nombre croissant de clients sophistiqu\u00e9s.<\/p>\n","protected":false},"excerpt":{"rendered":"<p>La brume de la baie de Fundy venait juste de se dissiper et les fr\u00e8res George et Percival Nelson rassemblaient en \u00e9quipe parents et amis pour transporter l\u2019\u00e9glise catholique de&#8230;<\/p>\n","protected":false},"author":68,"featured_media":0,"parent":0,"menu_order":3,"comment_status":"open","ping_status":"open","template":"","meta":{"_acf_changed":false,"rs_blank_template":"","rs_page_bg_color":"","slide_template_v7":"","footnotes":""},"class_list":["post-996","page","type-page","status-publish"],"acf":[],"yoast_head":"<!-- This site is optimized with the Yoast SEO plugin v27.4 - https:\/\/yoast.com\/product\/yoast-seo-wordpress\/ -->\n<title>L\u2019historique de Nelson Monuments - Nelson Monuments<\/title>\n<meta name=\"robots\" content=\"index, follow, max-snippet:-1, max-image-preview:large, max-video-preview:-1\" \/>\n<link rel=\"canonical\" href=\"https:\/\/nelsonmonuments.com\/fr\/lhistorique-de-nelson-monuments\/\" \/>\n<meta property=\"og:locale\" content=\"fr_FR\" \/>\n<meta property=\"og:type\" content=\"article\" \/>\n<meta property=\"og:title\" content=\"L\u2019historique de Nelson Monuments - Nelson Monuments\" \/>\n<meta property=\"og:description\" content=\"La brume de la baie de Fundy venait juste de se dissiper et les fr\u00e8res George et Percival Nelson rassemblaient en \u00e9quipe parents et amis pour transporter l\u2019\u00e9glise catholique de...\" \/>\n<meta property=\"og:url\" content=\"https:\/\/nelsonmonuments.com\/fr\/lhistorique-de-nelson-monuments\/\" \/>\n<meta property=\"og:site_name\" content=\"Nelson Monuments\" \/>\n<meta property=\"article:modified_time\" content=\"2017-03-24T16:29:31+00:00\" \/>\n<meta property=\"og:image\" content=\"http:\/\/nelsonmonuments.com\/media\/2011\/09\/historypic1.jpg\" \/>\n<meta name=\"twitter:label1\" content=\"Dur\u00e9e de lecture estim\u00e9e\" \/>\n\t<meta name=\"twitter:data1\" content=\"4 minutes\" \/>\n<script type=\"application\/ld+json\" class=\"yoast-schema-graph\">{\"@context\":\"https:\\\/\\\/schema.org\",\"@graph\":[{\"@type\":\"WebPage\",\"@id\":\"https:\\\/\\\/nelsonmonuments.com\\\/fr\\\/lhistorique-de-nelson-monuments\\\/\",\"url\":\"https:\\\/\\\/nelsonmonuments.com\\\/fr\\\/lhistorique-de-nelson-monuments\\\/\",\"name\":\"L\u2019historique de Nelson Monuments - Nelson Monuments\",\"isPartOf\":{\"@id\":\"https:\\\/\\\/nelsonmonuments.com\\\/#website\"},\"primaryImageOfPage\":{\"@id\":\"https:\\\/\\\/nelsonmonuments.com\\\/fr\\\/lhistorique-de-nelson-monuments\\\/#primaryimage\"},\"image\":{\"@id\":\"https:\\\/\\\/nelsonmonuments.com\\\/fr\\\/lhistorique-de-nelson-monuments\\\/#primaryimage\"},\"thumbnailUrl\":\"http:\\\/\\\/nelsonmonuments.com\\\/media\\\/2011\\\/09\\\/historypic1.jpg\",\"datePublished\":\"2014-06-03T01:19:11+00:00\",\"dateModified\":\"2017-03-24T16:29:31+00:00\",\"breadcrumb\":{\"@id\":\"https:\\\/\\\/nelsonmonuments.com\\\/fr\\\/lhistorique-de-nelson-monuments\\\/#breadcrumb\"},\"inLanguage\":\"fr-FR\",\"potentialAction\":[{\"@type\":\"ReadAction\",\"target\":[\"https:\\\/\\\/nelsonmonuments.com\\\/fr\\\/lhistorique-de-nelson-monuments\\\/\"]}]},{\"@type\":\"ImageObject\",\"inLanguage\":\"fr-FR\",\"@id\":\"https:\\\/\\\/nelsonmonuments.com\\\/fr\\\/lhistorique-de-nelson-monuments\\\/#primaryimage\",\"url\":\"http:\\\/\\\/nelsonmonuments.com\\\/media\\\/2011\\\/09\\\/historypic1.jpg\",\"contentUrl\":\"http:\\\/\\\/nelsonmonuments.com\\\/media\\\/2011\\\/09\\\/historypic1.jpg\"},{\"@type\":\"BreadcrumbList\",\"@id\":\"https:\\\/\\\/nelsonmonuments.com\\\/fr\\\/lhistorique-de-nelson-monuments\\\/#breadcrumb\",\"itemListElement\":[{\"@type\":\"ListItem\",\"position\":1,\"name\":\"Home\",\"item\":\"https:\\\/\\\/nelsonmonuments.com\\\/fr\\\/welcome\\\/\"},{\"@type\":\"ListItem\",\"position\":2,\"name\":\"L\u2019historique de Nelson Monuments\"}]},{\"@type\":\"WebSite\",\"@id\":\"https:\\\/\\\/nelsonmonuments.com\\\/#website\",\"url\":\"https:\\\/\\\/nelsonmonuments.com\\\/\",\"name\":\"Nelson Monuments\",\"description\":\"\",\"potentialAction\":[{\"@type\":\"SearchAction\",\"target\":{\"@type\":\"EntryPoint\",\"urlTemplate\":\"https:\\\/\\\/nelsonmonuments.com\\\/?s={search_term_string}\"},\"query-input\":{\"@type\":\"PropertyValueSpecification\",\"valueRequired\":true,\"valueName\":\"search_term_string\"}}],\"inLanguage\":\"fr-FR\"}]}<\/script>\n<!-- \/ Yoast SEO plugin. -->","yoast_head_json":{"title":"L\u2019historique de Nelson Monuments - Nelson Monuments","robots":{"index":"index","follow":"follow","max-snippet":"max-snippet:-1","max-image-preview":"max-image-preview:large","max-video-preview":"max-video-preview:-1"},"canonical":"https:\/\/nelsonmonuments.com\/fr\/lhistorique-de-nelson-monuments\/","og_locale":"fr_FR","og_type":"article","og_title":"L\u2019historique de Nelson Monuments - Nelson Monuments","og_description":"La brume de la baie de Fundy venait juste de se dissiper et les fr\u00e8res George et Percival Nelson rassemblaient en \u00e9quipe parents et amis pour transporter l\u2019\u00e9glise catholique de...","og_url":"https:\/\/nelsonmonuments.com\/fr\/lhistorique-de-nelson-monuments\/","og_site_name":"Nelson Monuments","article_modified_time":"2017-03-24T16:29:31+00:00","og_image":[{"url":"http:\/\/nelsonmonuments.com\/media\/2011\/09\/historypic1.jpg","type":"","width":"","height":""}],"twitter_misc":{"Dur\u00e9e de lecture estim\u00e9e":"4 minutes"},"schema":{"@context":"https:\/\/schema.org","@graph":[{"@type":"WebPage","@id":"https:\/\/nelsonmonuments.com\/fr\/lhistorique-de-nelson-monuments\/","url":"https:\/\/nelsonmonuments.com\/fr\/lhistorique-de-nelson-monuments\/","name":"L\u2019historique de Nelson Monuments - Nelson Monuments","isPartOf":{"@id":"https:\/\/nelsonmonuments.com\/#website"},"primaryImageOfPage":{"@id":"https:\/\/nelsonmonuments.com\/fr\/lhistorique-de-nelson-monuments\/#primaryimage"},"image":{"@id":"https:\/\/nelsonmonuments.com\/fr\/lhistorique-de-nelson-monuments\/#primaryimage"},"thumbnailUrl":"http:\/\/nelsonmonuments.com\/media\/2011\/09\/historypic1.jpg","datePublished":"2014-06-03T01:19:11+00:00","dateModified":"2017-03-24T16:29:31+00:00","breadcrumb":{"@id":"https:\/\/nelsonmonuments.com\/fr\/lhistorique-de-nelson-monuments\/#breadcrumb"},"inLanguage":"fr-FR","potentialAction":[{"@type":"ReadAction","target":["https:\/\/nelsonmonuments.com\/fr\/lhistorique-de-nelson-monuments\/"]}]},{"@type":"ImageObject","inLanguage":"fr-FR","@id":"https:\/\/nelsonmonuments.com\/fr\/lhistorique-de-nelson-monuments\/#primaryimage","url":"http:\/\/nelsonmonuments.com\/media\/2011\/09\/historypic1.jpg","contentUrl":"http:\/\/nelsonmonuments.com\/media\/2011\/09\/historypic1.jpg"},{"@type":"BreadcrumbList","@id":"https:\/\/nelsonmonuments.com\/fr\/lhistorique-de-nelson-monuments\/#breadcrumb","itemListElement":[{"@type":"ListItem","position":1,"name":"Home","item":"https:\/\/nelsonmonuments.com\/fr\/welcome\/"},{"@type":"ListItem","position":2,"name":"L\u2019historique de Nelson Monuments"}]},{"@type":"WebSite","@id":"https:\/\/nelsonmonuments.com\/#website","url":"https:\/\/nelsonmonuments.com\/","name":"Nelson Monuments","description":"","potentialAction":[{"@type":"SearchAction","target":{"@type":"EntryPoint","urlTemplate":"https:\/\/nelsonmonuments.com\/?s={search_term_string}"},"query-input":{"@type":"PropertyValueSpecification","valueRequired":true,"valueName":"search_term_string"}}],"inLanguage":"fr-FR"}]}},"_links":{"self":[{"href":"https:\/\/nelsonmonuments.com\/fr\/wp-json\/wp\/v2\/pages\/996","targetHints":{"allow":["GET"]}}],"collection":[{"href":"https:\/\/nelsonmonuments.com\/fr\/wp-json\/wp\/v2\/pages"}],"about":[{"href":"https:\/\/nelsonmonuments.com\/fr\/wp-json\/wp\/v2\/types\/page"}],"author":[{"embeddable":true,"href":"https:\/\/nelsonmonuments.com\/fr\/wp-json\/wp\/v2\/users\/68"}],"replies":[{"embeddable":true,"href":"https:\/\/nelsonmonuments.com\/fr\/wp-json\/wp\/v2\/comments?post=996"}],"version-history":[{"count":0,"href":"https:\/\/nelsonmonuments.com\/fr\/wp-json\/wp\/v2\/pages\/996\/revisions"}],"wp:attachment":[{"href":"https:\/\/nelsonmonuments.com\/fr\/wp-json\/wp\/v2\/media?parent=996"}],"curies":[{"name":"wp","href":"https:\/\/api.w.org\/{rel}","templated":true}]}}