{"id":5451,"date":"2017-02-20T13:02:20","date_gmt":"2017-02-20T17:02:20","guid":{"rendered":"http:\/\/nelsonmonuments.com\/?page_id=5451\/"},"modified":"2017-04-02T22:48:40","modified_gmt":"2017-04-03T02:48:40","slug":"bijoux","status":"publish","type":"page","link":"https:\/\/nelsonmonuments.com\/fr\/bijoux\/","title":{"rendered":"Bijoux"},"content":{"rendered":"[vc_row type=\u00a0\u00bbin_container\u00a0\u00bb full_screen_row_position=\u00a0\u00bbmiddle\u00a0\u00bb scene_position=\u00a0\u00bbcenter\u00a0\u00bb text_color=\u00a0\u00bbdark\u00a0\u00bb text_align=\u00a0\u00bbleft\u00a0\u00bb overlay_strength=\u00a0\u00bb0.3&Prime;][vc_column column_padding=\u00a0\u00bbno-extra-padding\u00a0\u00bb column_padding_position=\u00a0\u00bball\u00a0\u00bb background_color_opacity=\u00a0\u00bb1&Prime; background_hover_color_opacity=\u00a0\u00bb1&Prime; column_shadow=\u00a0\u00bbnone\u00a0\u00bb width=\u00a0\u00bb1\/1&Prime; tablet_text_alignment=\u00a0\u00bbdefault\u00a0\u00bb phone_text_alignment=\u00a0\u00bbdefault\u00a0\u00bb column_border_width=\u00a0\u00bbnone\u00a0\u00bb column_border_style=\u00a0\u00bbsolid\u00a0\u00bb][vc_column_text]\n<p class=\"p1\">Toujours dans votre c\u0153ur, les souvenirs de cr\u00e9mation sont fabriqu\u00e9s \u00e0 partir de l&rsquo;acier inoxydable chirurgical de qualit\u00e9 sup\u00e9rieure 316. Ils sont r\u00e9sistants \u00e0 la corrosion et ne terniront jamais, ce qui en fait le souvenir id\u00e9al pour se souvenir de vos \u00eatres chers.<\/p>\n[\/vc_column_text][divider line_type=\u00a0\u00bbNo Line\u00a0\u00bb custom_height=\u00a0\u00bb50&Prime;][vc_gallery type=\u00a0\u00bbimage_grid\u00a0\u00bb images=\u00a0\u00bb4817,4818,4819,4820,4821,4822,4823,4824,4825,4826,4827,4828,4829,4830,4831,4832,4833,4834,4835,4836,4837,4838,4839,4840,4841,5432,5433,5434,5435,5436,5437&Prime; display_title_caption=\u00a0\u00bbtrue\u00a0\u00bb layout=\u00a0\u00bb4&Prime; gallery_style=\u00a0\u00bb1&Prime; load_in_animation=\u00a0\u00bbfade_in_from_bottom\u00a0\u00bb img_size=\u00a0\u00bbfull\u00a0\u00bb][divider line_type=\u00a0\u00bbNo Line\u00a0\u00bb custom_height=\u00a0\u00bb50&Prime;][\/vc_column][\/vc_row]\n","protected":false},"excerpt":{"rendered":"<p>[vc_row type=\u00a0\u00bbin_container\u00a0\u00bb full_screen_row_position=\u00a0\u00bbmiddle\u00a0\u00bb scene_position=\u00a0\u00bbcenter\u00a0\u00bb text_color=\u00a0\u00bbdark\u00a0\u00bb text_align=\u00a0\u00bbleft\u00a0\u00bb overlay_strength=\u00a0\u00bb0.3&Prime;][vc_column column_padding=\u00a0\u00bbno-extra-padding\u00a0\u00bb column_padding_position=\u00a0\u00bball\u00a0\u00bb background_color_opacity=\u00a0\u00bb1&Prime; background_hover_color_opacity=\u00a0\u00bb1&Prime; column_shadow=\u00a0\u00bbnone\u00a0\u00bb width=\u00a0\u00bb1\/1&Prime; tablet_text_alignment=\u00a0\u00bbdefault\u00a0\u00bb phone_text_alignment=\u00a0\u00bbdefault\u00a0\u00bb column_border_width=\u00a0\u00bbnone\u00a0\u00bb column_border_style=\u00a0\u00bbsolid\u00a0\u00bb][vc_column_text] Toujours dans votre c\u0153ur, les souvenirs de cr\u00e9mation sont fabriqu\u00e9s \u00e0 partir de&#8230;<\/p>\n","protected":false},"author":68,"featured_media":0,"parent":0,"menu_order":0,"comment_status":"closed","ping_status":"closed","template":"","meta":{"_acf_changed":false,"footnotes":""},"class_list":["post-5451","page","type-page","status-publish"],"acf":[],"yoast_head":"<!-- This site is optimized with the Yoast SEO plugin v27.3 - https:\/\/yoast.com\/product\/yoast-seo-wordpress\/ -->\n<title>Bijoux - Nelson Monuments<\/title>\n<meta name=\"robots\" content=\"index, follow, max-snippet:-1, max-image-preview:large, max-video-preview:-1\" \/>\n<link rel=\"canonical\" href=\"https:\/\/nelsonmonuments.com\/fr\/bijoux\/\" \/>\n<meta property=\"og:locale\" content=\"fr_FR\" \/>\n<meta property=\"og:type\" content=\"article\" \/>\n<meta property=\"og:title\" content=\"Bijoux - Nelson Monuments\" \/>\n<meta property=\"og:description\" content=\"[vc_row type=\u00a0\u00bbin_container\u00a0\u00bb full_screen_row_position=\u00a0\u00bbmiddle\u00a0\u00bb scene_position=\u00a0\u00bbcenter\u00a0\u00bb text_color=\u00a0\u00bbdark\u00a0\u00bb text_align=\u00a0\u00bbleft\u00a0\u00bb overlay_strength=\u00a0\u00bb0.3&Prime;][vc_column column_padding=\u00a0\u00bbno-extra-padding\u00a0\u00bb column_padding_position=\u00a0\u00bball\u00a0\u00bb background_color_opacity=\u00a0\u00bb1&Prime; background_hover_color_opacity=\u00a0\u00bb1&Prime; column_shadow=\u00a0\u00bbnone\u00a0\u00bb width=\u00a0\u00bb1\/1&Prime; tablet_text_alignment=\u00a0\u00bbdefault\u00a0\u00bb phone_text_alignment=\u00a0\u00bbdefault\u00a0\u00bb column_border_width=\u00a0\u00bbnone\u00a0\u00bb column_border_style=\u00a0\u00bbsolid\u00a0\u00bb][vc_column_text] Toujours dans votre c\u0153ur, les souvenirs de cr\u00e9mation sont fabriqu\u00e9s \u00e0 partir de...\" \/>\n<meta property=\"og:url\" content=\"https:\/\/nelsonmonuments.com\/fr\/bijoux\/\" \/>\n<meta property=\"og:site_name\" content=\"Nelson Monuments\" \/>\n<meta property=\"article:modified_time\" content=\"2017-04-03T02:48:40+00:00\" \/>\n<meta name=\"twitter:label1\" content=\"Dur\u00e9e de lecture estim\u00e9e\" \/>\n\t<meta name=\"twitter:data1\" content=\"1 minute\" \/>\n<script type=\"application\/ld+json\" class=\"yoast-schema-graph\">{\"@context\":\"https:\\\/\\\/schema.org\",\"@graph\":[{\"@type\":\"WebPage\",\"@id\":\"https:\\\/\\\/nelsonmonuments.com\\\/fr\\\/bijoux\\\/\",\"url\":\"https:\\\/\\\/nelsonmonuments.com\\\/fr\\\/bijoux\\\/\",\"name\":\"Bijoux - Nelson Monuments\",\"isPartOf\":{\"@id\":\"https:\\\/\\\/nelsonmonuments.com\\\/#website\"},\"datePublished\":\"2017-02-20T17:02:20+00:00\",\"dateModified\":\"2017-04-03T02:48:40+00:00\",\"breadcrumb\":{\"@id\":\"https:\\\/\\\/nelsonmonuments.com\\\/fr\\\/bijoux\\\/#breadcrumb\"},\"inLanguage\":\"fr-FR\",\"potentialAction\":[{\"@type\":\"ReadAction\",\"target\":[\"https:\\\/\\\/nelsonmonuments.com\\\/fr\\\/bijoux\\\/\"]}]},{\"@type\":\"BreadcrumbList\",\"@id\":\"https:\\\/\\\/nelsonmonuments.com\\\/fr\\\/bijoux\\\/#breadcrumb\",\"itemListElement\":[{\"@type\":\"ListItem\",\"position\":1,\"name\":\"Home\",\"item\":\"https:\\\/\\\/nelsonmonuments.com\\\/fr\\\/welcome\\\/\"},{\"@type\":\"ListItem\",\"position\":2,\"name\":\"Bijoux\"}]},{\"@type\":\"WebSite\",\"@id\":\"https:\\\/\\\/nelsonmonuments.com\\\/#website\",\"url\":\"https:\\\/\\\/nelsonmonuments.com\\\/\",\"name\":\"Nelson Monuments\",\"description\":\"\",\"potentialAction\":[{\"@type\":\"SearchAction\",\"target\":{\"@type\":\"EntryPoint\",\"urlTemplate\":\"https:\\\/\\\/nelsonmonuments.com\\\/?s={search_term_string}\"},\"query-input\":{\"@type\":\"PropertyValueSpecification\",\"valueRequired\":true,\"valueName\":\"search_term_string\"}}],\"inLanguage\":\"fr-FR\"}]}<\/script>\n<!-- \/ Yoast SEO plugin. -->","yoast_head_json":{"title":"Bijoux - Nelson Monuments","robots":{"index":"index","follow":"follow","max-snippet":"max-snippet:-1","max-image-preview":"max-image-preview:large","max-video-preview":"max-video-preview:-1"},"canonical":"https:\/\/nelsonmonuments.com\/fr\/bijoux\/","og_locale":"fr_FR","og_type":"article","og_title":"Bijoux - Nelson Monuments","og_description":"[vc_row type=\u00a0\u00bbin_container\u00a0\u00bb full_screen_row_position=\u00a0\u00bbmiddle\u00a0\u00bb scene_position=\u00a0\u00bbcenter\u00a0\u00bb text_color=\u00a0\u00bbdark\u00a0\u00bb text_align=\u00a0\u00bbleft\u00a0\u00bb overlay_strength=\u00a0\u00bb0.3&Prime;][vc_column column_padding=\u00a0\u00bbno-extra-padding\u00a0\u00bb column_padding_position=\u00a0\u00bball\u00a0\u00bb background_color_opacity=\u00a0\u00bb1&Prime; background_hover_color_opacity=\u00a0\u00bb1&Prime; column_shadow=\u00a0\u00bbnone\u00a0\u00bb width=\u00a0\u00bb1\/1&Prime; tablet_text_alignment=\u00a0\u00bbdefault\u00a0\u00bb phone_text_alignment=\u00a0\u00bbdefault\u00a0\u00bb column_border_width=\u00a0\u00bbnone\u00a0\u00bb column_border_style=\u00a0\u00bbsolid\u00a0\u00bb][vc_column_text] Toujours dans votre c\u0153ur, les souvenirs de cr\u00e9mation sont fabriqu\u00e9s \u00e0 partir de...","og_url":"https:\/\/nelsonmonuments.com\/fr\/bijoux\/","og_site_name":"Nelson Monuments","article_modified_time":"2017-04-03T02:48:40+00:00","twitter_misc":{"Dur\u00e9e de lecture estim\u00e9e":"1 minute"},"schema":{"@context":"https:\/\/schema.org","@graph":[{"@type":"WebPage","@id":"https:\/\/nelsonmonuments.com\/fr\/bijoux\/","url":"https:\/\/nelsonmonuments.com\/fr\/bijoux\/","name":"Bijoux - Nelson Monuments","isPartOf":{"@id":"https:\/\/nelsonmonuments.com\/#website"},"datePublished":"2017-02-20T17:02:20+00:00","dateModified":"2017-04-03T02:48:40+00:00","breadcrumb":{"@id":"https:\/\/nelsonmonuments.com\/fr\/bijoux\/#breadcrumb"},"inLanguage":"fr-FR","potentialAction":[{"@type":"ReadAction","target":["https:\/\/nelsonmonuments.com\/fr\/bijoux\/"]}]},{"@type":"BreadcrumbList","@id":"https:\/\/nelsonmonuments.com\/fr\/bijoux\/#breadcrumb","itemListElement":[{"@type":"ListItem","position":1,"name":"Home","item":"https:\/\/nelsonmonuments.com\/fr\/welcome\/"},{"@type":"ListItem","position":2,"name":"Bijoux"}]},{"@type":"WebSite","@id":"https:\/\/nelsonmonuments.com\/#website","url":"https:\/\/nelsonmonuments.com\/","name":"Nelson Monuments","description":"","potentialAction":[{"@type":"SearchAction","target":{"@type":"EntryPoint","urlTemplate":"https:\/\/nelsonmonuments.com\/?s={search_term_string}"},"query-input":{"@type":"PropertyValueSpecification","valueRequired":true,"valueName":"search_term_string"}}],"inLanguage":"fr-FR"}]}},"_links":{"self":[{"href":"https:\/\/nelsonmonuments.com\/fr\/wp-json\/wp\/v2\/pages\/5451","targetHints":{"allow":["GET"]}}],"collection":[{"href":"https:\/\/nelsonmonuments.com\/fr\/wp-json\/wp\/v2\/pages"}],"about":[{"href":"https:\/\/nelsonmonuments.com\/fr\/wp-json\/wp\/v2\/types\/page"}],"author":[{"embeddable":true,"href":"https:\/\/nelsonmonuments.com\/fr\/wp-json\/wp\/v2\/users\/68"}],"replies":[{"embeddable":true,"href":"https:\/\/nelsonmonuments.com\/fr\/wp-json\/wp\/v2\/comments?post=5451"}],"version-history":[{"count":0,"href":"https:\/\/nelsonmonuments.com\/fr\/wp-json\/wp\/v2\/pages\/5451\/revisions"}],"wp:attachment":[{"href":"https:\/\/nelsonmonuments.com\/fr\/wp-json\/wp\/v2\/media?parent=5451"}],"curies":[{"name":"wp","href":"https:\/\/api.w.org\/{rel}","templated":true}]}}