{"id":1036,"date":"2014-06-02T21:27:59","date_gmt":"2014-06-03T01:27:59","guid":{"rendered":"http:\/\/nelsonmonuments.com\/?page_id=1036"},"modified":"2017-03-24T12:33:08","modified_gmt":"2017-03-24T16:33:08","slug":"projets-speciaux","status":"publish","type":"page","link":"https:\/\/nelsonmonuments.com\/fr\/projets-speciaux\/","title":{"rendered":"Plus que des monuments"},"content":{"rendered":"\n\t\t<style type=\"text\/css\">\n\t\t\t#gallery-1 {\n\t\t\t\tmargin: auto;\n\t\t\t}\n\t\t\t#gallery-1 .gallery-item {\n\t\t\t\tfloat: left;\n\t\t\t\tmargin-top: 10px;\n\t\t\t\ttext-align: center;\n\t\t\t\twidth: 25%;\n\t\t\t}\n\t\t\t#gallery-1 img {\n\t\t\t\tborder: 2px solid #cfcfcf;\n\t\t\t}\n\t\t\t#gallery-1 .gallery-caption {\n\t\t\t\tmargin-left: 0;\n\t\t\t}\n\t\t\t\/* see gallery_shortcode() in wp-includes\/media.php *\/\n\t\t<\/style>\n\t\t<div id='gallery-1' class='gallery galleryid-1036 gallery-columns-4 gallery-size-thumbnail'><dl class='gallery-item'>\n\t\t\t<dt class='gallery-icon landscape'>\n\t\t\t\t<a href='https:\/\/nelsonmonuments.com\/media\/2012\/04\/Sappers-Wall-CFB-Gage-town-e1335662080188.jpg'><img loading=\"lazy\" decoding=\"async\" width=\"200\" height=\"150\" src=\"https:\/\/nelsonmonuments.com\/media\/2012\/04\/Sappers-Wall-CFB-Gage-town-e1335662080188-200x150.jpg\" class=\"attachment-thumbnail size-thumbnail\" alt=\"\" srcset=\"https:\/\/nelsonmonuments.com\/media\/2012\/04\/Sappers-Wall-CFB-Gage-town-e1335662080188-200x150.jpg 200w, https:\/\/nelsonmonuments.com\/media\/2012\/04\/Sappers-Wall-CFB-Gage-town-e1335662080188-300x225.jpg 300w, https:\/\/nelsonmonuments.com\/media\/2012\/04\/Sappers-Wall-CFB-Gage-town-e1335662080188-768x576.jpg 768w, https:\/\/nelsonmonuments.com\/media\/2012\/04\/Sappers-Wall-CFB-Gage-town-e1335662080188.jpg 800w\" sizes=\"auto, (max-width: 200px) 100vw, 200px\" \/><\/a>\n\t\t\t<\/dt><\/dl><dl class='gallery-item'>\n\t\t\t<dt class='gallery-icon landscape'>\n\t\t\t\t<a href='https:\/\/nelsonmonuments.com\/media\/2012\/04\/Robert-Stanfield-Halifax-2010-e1335662063127.jpg'><img loading=\"lazy\" decoding=\"async\" width=\"200\" height=\"150\" src=\"https:\/\/nelsonmonuments.com\/media\/2012\/04\/Robert-Stanfield-Halifax-2010-e1335662063127-200x150.jpg\" class=\"attachment-thumbnail size-thumbnail\" alt=\"\" srcset=\"https:\/\/nelsonmonuments.com\/media\/2012\/04\/Robert-Stanfield-Halifax-2010-e1335662063127-200x150.jpg 200w, https:\/\/nelsonmonuments.com\/media\/2012\/04\/Robert-Stanfield-Halifax-2010-e1335662063127-300x225.jpg 300w, https:\/\/nelsonmonuments.com\/media\/2012\/04\/Robert-Stanfield-Halifax-2010-e1335662063127-768x576.jpg 768w, https:\/\/nelsonmonuments.com\/media\/2012\/04\/Robert-Stanfield-Halifax-2010-e1335662063127.jpg 800w\" sizes=\"auto, (max-width: 200px) 100vw, 200px\" \/><\/a>\n\t\t\t<\/dt><\/dl><dl class='gallery-item'>\n\t\t\t<dt class='gallery-icon landscape'>\n\t\t\t\t<a href='https:\/\/nelsonmonuments.com\/media\/2012\/04\/Moncton-YMCA-donor-wall-e1335662050741.jpg'><img loading=\"lazy\" decoding=\"async\" width=\"200\" height=\"150\" src=\"https:\/\/nelsonmonuments.com\/media\/2012\/04\/Moncton-YMCA-donor-wall-e1335662050741-200x150.jpg\" class=\"attachment-thumbnail size-thumbnail\" alt=\"\" srcset=\"https:\/\/nelsonmonuments.com\/media\/2012\/04\/Moncton-YMCA-donor-wall-e1335662050741-200x150.jpg 200w, https:\/\/nelsonmonuments.com\/media\/2012\/04\/Moncton-YMCA-donor-wall-e1335662050741-300x225.jpg 300w, https:\/\/nelsonmonuments.com\/media\/2012\/04\/Moncton-YMCA-donor-wall-e1335662050741-768x576.jpg 768w, https:\/\/nelsonmonuments.com\/media\/2012\/04\/Moncton-YMCA-donor-wall-e1335662050741.jpg 800w\" sizes=\"auto, (max-width: 200px) 100vw, 200px\" \/><\/a>\n\t\t\t<\/dt><\/dl><dl class='gallery-item'>\n\t\t\t<dt class='gallery-icon landscape'>\n\t\t\t\t<a href='https:\/\/nelsonmonuments.com\/media\/2012\/04\/Moncton-city-hall-sign-planter-bench-e1335662031242.jpg'><img loading=\"lazy\" decoding=\"async\" width=\"200\" height=\"150\" src=\"https:\/\/nelsonmonuments.com\/media\/2012\/04\/Moncton-city-hall-sign-planter-bench-e1335662031242-200x150.jpg\" class=\"attachment-thumbnail size-thumbnail\" alt=\"\" srcset=\"https:\/\/nelsonmonuments.com\/media\/2012\/04\/Moncton-city-hall-sign-planter-bench-e1335662031242-200x150.jpg 200w, https:\/\/nelsonmonuments.com\/media\/2012\/04\/Moncton-city-hall-sign-planter-bench-e1335662031242-300x225.jpg 300w, https:\/\/nelsonmonuments.com\/media\/2012\/04\/Moncton-city-hall-sign-planter-bench-e1335662031242-768x576.jpg 768w, https:\/\/nelsonmonuments.com\/media\/2012\/04\/Moncton-city-hall-sign-planter-bench-e1335662031242.jpg 800w\" sizes=\"auto, (max-width: 200px) 100vw, 200px\" \/><\/a>\n\t\t\t<\/dt><\/dl><br style=\"clear: both\" \/><dl class='gallery-item'>\n\t\t\t<dt class='gallery-icon landscape'>\n\t\t\t\t<a href='https:\/\/nelsonmonuments.com\/media\/2012\/04\/Louis_J__Robichaud.jpg'><img loading=\"lazy\" decoding=\"async\" width=\"200\" height=\"150\" src=\"https:\/\/nelsonmonuments.com\/media\/2012\/04\/Louis_J__Robichaud-200x150.jpg\" class=\"attachment-thumbnail size-thumbnail\" alt=\"\" srcset=\"https:\/\/nelsonmonuments.com\/media\/2012\/04\/Louis_J__Robichaud-200x150.jpg 200w, https:\/\/nelsonmonuments.com\/media\/2012\/04\/Louis_J__Robichaud-300x225.jpg 300w, https:\/\/nelsonmonuments.com\/media\/2012\/04\/Louis_J__Robichaud-768x576.jpg 768w, https:\/\/nelsonmonuments.com\/media\/2012\/04\/Louis_J__Robichaud.jpg 800w\" sizes=\"auto, (max-width: 200px) 100vw, 200px\" \/><\/a>\n\t\t\t<\/dt><\/dl><dl class='gallery-item'>\n\t\t\t<dt class='gallery-icon landscape'>\n\t\t\t\t<a href='https:\/\/nelsonmonuments.com\/media\/2012\/04\/fishermans-memorial2-e1335661980665.jpg'><img loading=\"lazy\" decoding=\"async\" width=\"200\" height=\"150\" src=\"https:\/\/nelsonmonuments.com\/media\/2012\/04\/fishermans-memorial2-e1335661980665-200x150.jpg\" class=\"attachment-thumbnail size-thumbnail\" alt=\"\" srcset=\"https:\/\/nelsonmonuments.com\/media\/2012\/04\/fishermans-memorial2-e1335661980665-200x150.jpg 200w, https:\/\/nelsonmonuments.com\/media\/2012\/04\/fishermans-memorial2-e1335661980665-300x225.jpg 300w, https:\/\/nelsonmonuments.com\/media\/2012\/04\/fishermans-memorial2-e1335661980665-768x576.jpg 768w, https:\/\/nelsonmonuments.com\/media\/2012\/04\/fishermans-memorial2-e1335661980665.jpg 800w\" sizes=\"auto, (max-width: 200px) 100vw, 200px\" \/><\/a>\n\t\t\t<\/dt><\/dl><dl class='gallery-item'>\n\t\t\t<dt class='gallery-icon portrait'>\n\t\t\t\t<a href='https:\/\/nelsonmonuments.com\/media\/2012\/04\/fishermans-memorial-e1335661960301.jpg'><img loading=\"lazy\" decoding=\"async\" width=\"108\" height=\"150\" src=\"https:\/\/nelsonmonuments.com\/media\/2012\/04\/fishermans-memorial-e1335661960301-108x150.jpg\" class=\"attachment-thumbnail size-thumbnail\" alt=\"\" srcset=\"https:\/\/nelsonmonuments.com\/media\/2012\/04\/fishermans-memorial-e1335661960301-108x150.jpg 108w, https:\/\/nelsonmonuments.com\/media\/2012\/04\/fishermans-memorial-e1335661960301-217x300.jpg 217w, https:\/\/nelsonmonuments.com\/media\/2012\/04\/fishermans-memorial-e1335661960301.jpg 578w\" sizes=\"auto, (max-width: 108px) 100vw, 108px\" \/><\/a>\n\t\t\t<\/dt><\/dl><dl class='gallery-item'>\n\t\t\t<dt class='gallery-icon portrait'>\n\t\t\t\t<a href='https:\/\/nelsonmonuments.com\/media\/2012\/04\/426037-The-Masts-front-with-plint-e1335661938113.jpg'><img loading=\"lazy\" decoding=\"async\" width=\"113\" height=\"150\" src=\"https:\/\/nelsonmonuments.com\/media\/2012\/04\/426037-The-Masts-front-with-plint-e1335661938113-113x150.jpg\" class=\"attachment-thumbnail size-thumbnail\" alt=\"\" srcset=\"https:\/\/nelsonmonuments.com\/media\/2012\/04\/426037-The-Masts-front-with-plint-e1335661938113-113x150.jpg 113w, https:\/\/nelsonmonuments.com\/media\/2012\/04\/426037-The-Masts-front-with-plint-e1335661938113-225x300.jpg 225w, https:\/\/nelsonmonuments.com\/media\/2012\/04\/426037-The-Masts-front-with-plint-e1335661938113-450x600.jpg 450w, https:\/\/nelsonmonuments.com\/media\/2012\/04\/426037-The-Masts-front-with-plint-e1335661938113.jpg 600w\" sizes=\"auto, (max-width: 113px) 100vw, 113px\" \/><\/a>\n\t\t\t<\/dt><\/dl><br style=\"clear: both\" \/><dl class='gallery-item'>\n\t\t\t<dt class='gallery-icon landscape'>\n\t\t\t\t<a href='https:\/\/nelsonmonuments.com\/media\/2012\/04\/PeacekeepersMonument.jpg'><img loading=\"lazy\" decoding=\"async\" width=\"198\" height=\"150\" src=\"https:\/\/nelsonmonuments.com\/media\/2012\/04\/PeacekeepersMonument-198x150.jpg\" class=\"attachment-thumbnail size-thumbnail\" alt=\"\" srcset=\"https:\/\/nelsonmonuments.com\/media\/2012\/04\/PeacekeepersMonument-198x150.jpg 198w, https:\/\/nelsonmonuments.com\/media\/2012\/04\/PeacekeepersMonument-300x227.jpg 300w, https:\/\/nelsonmonuments.com\/media\/2012\/04\/PeacekeepersMonument-768x581.jpg 768w, https:\/\/nelsonmonuments.com\/media\/2012\/04\/PeacekeepersMonument-1024x775.jpg 1024w, https:\/\/nelsonmonuments.com\/media\/2012\/04\/PeacekeepersMonument.jpg 1200w\" sizes=\"auto, (max-width: 198px) 100vw, 198px\" \/><\/a>\n\t\t\t<\/dt><\/dl><dl class='gallery-item'>\n\t\t\t<dt class='gallery-icon landscape'>\n\t\t\t\t<a href='https:\/\/nelsonmonuments.com\/media\/2012\/04\/DSCF4412.jpg'><img loading=\"lazy\" decoding=\"async\" width=\"200\" height=\"93\" src=\"https:\/\/nelsonmonuments.com\/media\/2012\/04\/DSCF4412-200x93.jpg\" class=\"attachment-thumbnail size-thumbnail\" alt=\"\" srcset=\"https:\/\/nelsonmonuments.com\/media\/2012\/04\/DSCF4412-200x93.jpg 200w, https:\/\/nelsonmonuments.com\/media\/2012\/04\/DSCF4412-300x139.jpg 300w, https:\/\/nelsonmonuments.com\/media\/2012\/04\/DSCF4412-768x356.jpg 768w, https:\/\/nelsonmonuments.com\/media\/2012\/04\/DSCF4412-1024x474.jpg 1024w, https:\/\/nelsonmonuments.com\/media\/2012\/04\/DSCF4412.jpg 1200w\" sizes=\"auto, (max-width: 200px) 100vw, 200px\" \/><\/a>\n\t\t\t<\/dt><\/dl><dl class='gallery-item'>\n\t\t\t<dt class='gallery-icon landscape'>\n\t\t\t\t<a href='https:\/\/nelsonmonuments.com\/media\/2012\/04\/DSCF0652.jpg'><img loading=\"lazy\" decoding=\"async\" width=\"151\" height=\"150\" src=\"https:\/\/nelsonmonuments.com\/media\/2012\/04\/DSCF0652-151x150.jpg\" class=\"attachment-thumbnail size-thumbnail\" alt=\"\" srcset=\"https:\/\/nelsonmonuments.com\/media\/2012\/04\/DSCF0652-151x150.jpg 151w, https:\/\/nelsonmonuments.com\/media\/2012\/04\/DSCF0652-300x298.jpg 300w, https:\/\/nelsonmonuments.com\/media\/2012\/04\/DSCF0652-768x763.jpg 768w, https:\/\/nelsonmonuments.com\/media\/2012\/04\/DSCF0652-1024x1017.jpg 1024w, https:\/\/nelsonmonuments.com\/media\/2012\/04\/DSCF0652-50x50.jpg 50w, https:\/\/nelsonmonuments.com\/media\/2012\/04\/DSCF0652-100x100.jpg 100w, https:\/\/nelsonmonuments.com\/media\/2012\/04\/DSCF0652-500x500.jpg 500w, https:\/\/nelsonmonuments.com\/media\/2012\/04\/DSCF0652-1000x1000.jpg 1000w, https:\/\/nelsonmonuments.com\/media\/2012\/04\/DSCF0652.jpg 1200w\" sizes=\"auto, (max-width: 151px) 100vw, 151px\" \/><\/a>\n\t\t\t<\/dt><\/dl><dl class='gallery-item'>\n\t\t\t<dt class='gallery-icon portrait'>\n\t\t\t\t<a href='https:\/\/nelsonmonuments.com\/media\/2012\/04\/DSCF0296.jpg'><img loading=\"lazy\" decoding=\"async\" width=\"145\" height=\"150\" src=\"https:\/\/nelsonmonuments.com\/media\/2012\/04\/DSCF0296-145x150.jpg\" class=\"attachment-thumbnail size-thumbnail\" alt=\"\" srcset=\"https:\/\/nelsonmonuments.com\/media\/2012\/04\/DSCF0296-145x150.jpg 145w, https:\/\/nelsonmonuments.com\/media\/2012\/04\/DSCF0296-290x300.jpg 290w, https:\/\/nelsonmonuments.com\/media\/2012\/04\/DSCF0296-768x796.jpg 768w, https:\/\/nelsonmonuments.com\/media\/2012\/04\/DSCF0296-988x1024.jpg 988w, https:\/\/nelsonmonuments.com\/media\/2012\/04\/DSCF0296.jpg 1158w\" sizes=\"auto, (max-width: 145px) 100vw, 145px\" \/><\/a>\n\t\t\t<\/dt><\/dl><br style=\"clear: both\" \/>\n\t\t<\/div>\n\n<p>M\u00eame si nous sommes extremement fi\u00e8re de nos cr\u00e9ations de monuments exceptionnels, nous offrons \u00e9norm\u00e9ment d&rsquo;autres produits. \u00c0 Travers les Maritimes vous trouverez plusieurs diff\u00e9rents produits de Nelson Monuments Ltd tel que:<\/p>\n<ul>\n<li>Marches et Trottoirs<\/li>\n<li>Croix Celtiques<\/li>\n<li>Enseignes de Granite<\/li>\n<li>Banc<\/li>\n<li>Produits de B\u00e2timents, Construction et de Paysagement<\/li>\n<li>Et plusieurs autres&#8230;<\/li>\n<\/ul>\n","protected":false},"excerpt":{"rendered":"<p>M\u00eame si nous sommes extremement fi\u00e8re de nos cr\u00e9ations de monuments exceptionnels, nous offrons \u00e9norm\u00e9ment d&rsquo;autres produits. \u00c0 Travers les Maritimes vous trouverez plusieurs diff\u00e9rents produits de Nelson Monuments Ltd&#8230;<\/p>\n","protected":false},"author":68,"featured_media":0,"parent":0,"menu_order":7,"comment_status":"open","ping_status":"open","template":"","meta":{"_acf_changed":false,"rs_blank_template":"","rs_page_bg_color":"","slide_template_v7":"","footnotes":""},"class_list":["post-1036","page","type-page","status-publish"],"acf":[],"yoast_head":"<!-- This site is optimized with the Yoast SEO plugin v27.3 - https:\/\/yoast.com\/product\/yoast-seo-wordpress\/ -->\n<title>Plus que des monuments - Nelson Monuments<\/title>\n<meta name=\"robots\" content=\"index, follow, max-snippet:-1, max-image-preview:large, max-video-preview:-1\" \/>\n<link rel=\"canonical\" href=\"https:\/\/nelsonmonuments.com\/fr\/projets-speciaux\/\" \/>\n<meta property=\"og:locale\" content=\"fr_FR\" \/>\n<meta property=\"og:type\" content=\"article\" \/>\n<meta property=\"og:title\" content=\"Plus que des monuments - Nelson Monuments\" \/>\n<meta property=\"og:description\" content=\"M\u00eame si nous sommes extremement fi\u00e8re de nos cr\u00e9ations de monuments exceptionnels, nous offrons \u00e9norm\u00e9ment d&rsquo;autres produits. \u00c0 Travers les Maritimes vous trouverez plusieurs diff\u00e9rents produits de Nelson Monuments Ltd...\" \/>\n<meta property=\"og:url\" content=\"https:\/\/nelsonmonuments.com\/fr\/projets-speciaux\/\" \/>\n<meta property=\"og:site_name\" content=\"Nelson Monuments\" \/>\n<meta property=\"article:modified_time\" content=\"2017-03-24T16:33:08+00:00\" \/>\n<meta property=\"og:image\" content=\"https:\/\/nelsonmonuments.com\/media\/2012\/04\/Sappers-Wall-CFB-Gage-town-e1335662080188-200x150.jpg\" \/>\n<script type=\"application\/ld+json\" class=\"yoast-schema-graph\">{\"@context\":\"https:\\\/\\\/schema.org\",\"@graph\":[{\"@type\":\"WebPage\",\"@id\":\"https:\\\/\\\/nelsonmonuments.com\\\/fr\\\/projets-speciaux\\\/\",\"url\":\"https:\\\/\\\/nelsonmonuments.com\\\/fr\\\/projets-speciaux\\\/\",\"name\":\"Plus que des monuments - Nelson Monuments\",\"isPartOf\":{\"@id\":\"https:\\\/\\\/nelsonmonuments.com\\\/#website\"},\"datePublished\":\"2014-06-03T01:27:59+00:00\",\"dateModified\":\"2017-03-24T16:33:08+00:00\",\"breadcrumb\":{\"@id\":\"https:\\\/\\\/nelsonmonuments.com\\\/fr\\\/projets-speciaux\\\/#breadcrumb\"},\"inLanguage\":\"fr-FR\",\"potentialAction\":[{\"@type\":\"ReadAction\",\"target\":[\"https:\\\/\\\/nelsonmonuments.com\\\/fr\\\/projets-speciaux\\\/\"]}]},{\"@type\":\"BreadcrumbList\",\"@id\":\"https:\\\/\\\/nelsonmonuments.com\\\/fr\\\/projets-speciaux\\\/#breadcrumb\",\"itemListElement\":[{\"@type\":\"ListItem\",\"position\":1,\"name\":\"Home\",\"item\":\"https:\\\/\\\/nelsonmonuments.com\\\/fr\\\/welcome\\\/\"},{\"@type\":\"ListItem\",\"position\":2,\"name\":\"Plus que des monuments\"}]},{\"@type\":\"WebSite\",\"@id\":\"https:\\\/\\\/nelsonmonuments.com\\\/#website\",\"url\":\"https:\\\/\\\/nelsonmonuments.com\\\/\",\"name\":\"Nelson Monuments\",\"description\":\"\",\"potentialAction\":[{\"@type\":\"SearchAction\",\"target\":{\"@type\":\"EntryPoint\",\"urlTemplate\":\"https:\\\/\\\/nelsonmonuments.com\\\/?s={search_term_string}\"},\"query-input\":{\"@type\":\"PropertyValueSpecification\",\"valueRequired\":true,\"valueName\":\"search_term_string\"}}],\"inLanguage\":\"fr-FR\"}]}<\/script>\n<!-- \/ Yoast SEO plugin. -->","yoast_head_json":{"title":"Plus que des monuments - Nelson Monuments","robots":{"index":"index","follow":"follow","max-snippet":"max-snippet:-1","max-image-preview":"max-image-preview:large","max-video-preview":"max-video-preview:-1"},"canonical":"https:\/\/nelsonmonuments.com\/fr\/projets-speciaux\/","og_locale":"fr_FR","og_type":"article","og_title":"Plus que des monuments - Nelson Monuments","og_description":"M\u00eame si nous sommes extremement fi\u00e8re de nos cr\u00e9ations de monuments exceptionnels, nous offrons \u00e9norm\u00e9ment d&rsquo;autres produits. \u00c0 Travers les Maritimes vous trouverez plusieurs diff\u00e9rents produits de Nelson Monuments Ltd...","og_url":"https:\/\/nelsonmonuments.com\/fr\/projets-speciaux\/","og_site_name":"Nelson Monuments","article_modified_time":"2017-03-24T16:33:08+00:00","og_image":[{"url":"https:\/\/nelsonmonuments.com\/media\/2012\/04\/Sappers-Wall-CFB-Gage-town-e1335662080188-200x150.jpg","type":"","width":"","height":""}],"schema":{"@context":"https:\/\/schema.org","@graph":[{"@type":"WebPage","@id":"https:\/\/nelsonmonuments.com\/fr\/projets-speciaux\/","url":"https:\/\/nelsonmonuments.com\/fr\/projets-speciaux\/","name":"Plus que des monuments - Nelson Monuments","isPartOf":{"@id":"https:\/\/nelsonmonuments.com\/#website"},"datePublished":"2014-06-03T01:27:59+00:00","dateModified":"2017-03-24T16:33:08+00:00","breadcrumb":{"@id":"https:\/\/nelsonmonuments.com\/fr\/projets-speciaux\/#breadcrumb"},"inLanguage":"fr-FR","potentialAction":[{"@type":"ReadAction","target":["https:\/\/nelsonmonuments.com\/fr\/projets-speciaux\/"]}]},{"@type":"BreadcrumbList","@id":"https:\/\/nelsonmonuments.com\/fr\/projets-speciaux\/#breadcrumb","itemListElement":[{"@type":"ListItem","position":1,"name":"Home","item":"https:\/\/nelsonmonuments.com\/fr\/welcome\/"},{"@type":"ListItem","position":2,"name":"Plus que des monuments"}]},{"@type":"WebSite","@id":"https:\/\/nelsonmonuments.com\/#website","url":"https:\/\/nelsonmonuments.com\/","name":"Nelson Monuments","description":"","potentialAction":[{"@type":"SearchAction","target":{"@type":"EntryPoint","urlTemplate":"https:\/\/nelsonmonuments.com\/?s={search_term_string}"},"query-input":{"@type":"PropertyValueSpecification","valueRequired":true,"valueName":"search_term_string"}}],"inLanguage":"fr-FR"}]}},"_links":{"self":[{"href":"https:\/\/nelsonmonuments.com\/fr\/wp-json\/wp\/v2\/pages\/1036","targetHints":{"allow":["GET"]}}],"collection":[{"href":"https:\/\/nelsonmonuments.com\/fr\/wp-json\/wp\/v2\/pages"}],"about":[{"href":"https:\/\/nelsonmonuments.com\/fr\/wp-json\/wp\/v2\/types\/page"}],"author":[{"embeddable":true,"href":"https:\/\/nelsonmonuments.com\/fr\/wp-json\/wp\/v2\/users\/68"}],"replies":[{"embeddable":true,"href":"https:\/\/nelsonmonuments.com\/fr\/wp-json\/wp\/v2\/comments?post=1036"}],"version-history":[{"count":0,"href":"https:\/\/nelsonmonuments.com\/fr\/wp-json\/wp\/v2\/pages\/1036\/revisions"}],"wp:attachment":[{"href":"https:\/\/nelsonmonuments.com\/fr\/wp-json\/wp\/v2\/media?parent=1036"}],"curies":[{"name":"wp","href":"https:\/\/api.w.org\/{rel}","templated":true}]}}