{"id":1007,"date":"2014-06-02T21:22:15","date_gmt":"2014-06-03T01:22:15","guid":{"rendered":"http:\/\/nelsonmonuments.com\/?page_id=1007"},"modified":"2017-03-24T12:29:16","modified_gmt":"2017-03-24T16:29:16","slug":"evenements","status":"publish","type":"page","link":"https:\/\/nelsonmonuments.com\/fr\/evenements\/","title":{"rendered":"\u00c9v\u00e9nements"},"content":{"rendered":"<p>Il n&rsquo;y a aucun \u00e9v\u00e9nement sp\u00e9cial en ce moment.<\/p>\n","protected":false},"excerpt":{"rendered":"<p>Il n&rsquo;y a aucun \u00e9v\u00e9nement sp\u00e9cial en ce moment.<\/p>\n","protected":false},"author":68,"featured_media":0,"parent":0,"menu_order":2,"comment_status":"open","ping_status":"open","template":"","meta":{"_acf_changed":false,"rs_blank_template":"","rs_page_bg_color":"","slide_template_v7":"","footnotes":""},"class_list":["post-1007","page","type-page","status-publish"],"acf":[],"yoast_head":"<!-- This site is optimized with the Yoast SEO plugin v27.4 - https:\/\/yoast.com\/product\/yoast-seo-wordpress\/ -->\n<title>\u00c9v\u00e9nements - Nelson Monuments<\/title>\n<meta name=\"robots\" content=\"index, follow, max-snippet:-1, max-image-preview:large, max-video-preview:-1\" \/>\n<link rel=\"canonical\" href=\"https:\/\/nelsonmonuments.com\/fr\/evenements\/\" \/>\n<meta property=\"og:locale\" content=\"fr_FR\" \/>\n<meta property=\"og:type\" content=\"article\" \/>\n<meta property=\"og:title\" content=\"\u00c9v\u00e9nements - Nelson Monuments\" \/>\n<meta property=\"og:description\" content=\"Il n&rsquo;y a aucun \u00e9v\u00e9nement sp\u00e9cial en ce moment.\" \/>\n<meta property=\"og:url\" content=\"https:\/\/nelsonmonuments.com\/fr\/evenements\/\" \/>\n<meta property=\"og:site_name\" content=\"Nelson Monuments\" \/>\n<meta property=\"article:modified_time\" content=\"2017-03-24T16:29:16+00:00\" \/>\n<script type=\"application\/ld+json\" class=\"yoast-schema-graph\">{\"@context\":\"https:\\\/\\\/schema.org\",\"@graph\":[{\"@type\":\"WebPage\",\"@id\":\"https:\\\/\\\/nelsonmonuments.com\\\/fr\\\/evenements\\\/\",\"url\":\"https:\\\/\\\/nelsonmonuments.com\\\/fr\\\/evenements\\\/\",\"name\":\"\u00c9v\u00e9nements - Nelson Monuments\",\"isPartOf\":{\"@id\":\"https:\\\/\\\/nelsonmonuments.com\\\/#website\"},\"datePublished\":\"2014-06-03T01:22:15+00:00\",\"dateModified\":\"2017-03-24T16:29:16+00:00\",\"breadcrumb\":{\"@id\":\"https:\\\/\\\/nelsonmonuments.com\\\/fr\\\/evenements\\\/#breadcrumb\"},\"inLanguage\":\"fr-FR\",\"potentialAction\":[{\"@type\":\"ReadAction\",\"target\":[\"https:\\\/\\\/nelsonmonuments.com\\\/fr\\\/evenements\\\/\"]}]},{\"@type\":\"BreadcrumbList\",\"@id\":\"https:\\\/\\\/nelsonmonuments.com\\\/fr\\\/evenements\\\/#breadcrumb\",\"itemListElement\":[{\"@type\":\"ListItem\",\"position\":1,\"name\":\"Home\",\"item\":\"https:\\\/\\\/nelsonmonuments.com\\\/fr\\\/welcome\\\/\"},{\"@type\":\"ListItem\",\"position\":2,\"name\":\"\u00c9v\u00e9nements\"}]},{\"@type\":\"WebSite\",\"@id\":\"https:\\\/\\\/nelsonmonuments.com\\\/#website\",\"url\":\"https:\\\/\\\/nelsonmonuments.com\\\/\",\"name\":\"Nelson Monuments\",\"description\":\"\",\"potentialAction\":[{\"@type\":\"SearchAction\",\"target\":{\"@type\":\"EntryPoint\",\"urlTemplate\":\"https:\\\/\\\/nelsonmonuments.com\\\/?s={search_term_string}\"},\"query-input\":{\"@type\":\"PropertyValueSpecification\",\"valueRequired\":true,\"valueName\":\"search_term_string\"}}],\"inLanguage\":\"fr-FR\"}]}<\/script>\n<!-- \/ Yoast SEO plugin. -->","yoast_head_json":{"title":"\u00c9v\u00e9nements - Nelson Monuments","robots":{"index":"index","follow":"follow","max-snippet":"max-snippet:-1","max-image-preview":"max-image-preview:large","max-video-preview":"max-video-preview:-1"},"canonical":"https:\/\/nelsonmonuments.com\/fr\/evenements\/","og_locale":"fr_FR","og_type":"article","og_title":"\u00c9v\u00e9nements - Nelson Monuments","og_description":"Il n&rsquo;y a aucun \u00e9v\u00e9nement sp\u00e9cial en ce moment.","og_url":"https:\/\/nelsonmonuments.com\/fr\/evenements\/","og_site_name":"Nelson Monuments","article_modified_time":"2017-03-24T16:29:16+00:00","schema":{"@context":"https:\/\/schema.org","@graph":[{"@type":"WebPage","@id":"https:\/\/nelsonmonuments.com\/fr\/evenements\/","url":"https:\/\/nelsonmonuments.com\/fr\/evenements\/","name":"\u00c9v\u00e9nements - Nelson Monuments","isPartOf":{"@id":"https:\/\/nelsonmonuments.com\/#website"},"datePublished":"2014-06-03T01:22:15+00:00","dateModified":"2017-03-24T16:29:16+00:00","breadcrumb":{"@id":"https:\/\/nelsonmonuments.com\/fr\/evenements\/#breadcrumb"},"inLanguage":"fr-FR","potentialAction":[{"@type":"ReadAction","target":["https:\/\/nelsonmonuments.com\/fr\/evenements\/"]}]},{"@type":"BreadcrumbList","@id":"https:\/\/nelsonmonuments.com\/fr\/evenements\/#breadcrumb","itemListElement":[{"@type":"ListItem","position":1,"name":"Home","item":"https:\/\/nelsonmonuments.com\/fr\/welcome\/"},{"@type":"ListItem","position":2,"name":"\u00c9v\u00e9nements"}]},{"@type":"WebSite","@id":"https:\/\/nelsonmonuments.com\/#website","url":"https:\/\/nelsonmonuments.com\/","name":"Nelson Monuments","description":"","potentialAction":[{"@type":"SearchAction","target":{"@type":"EntryPoint","urlTemplate":"https:\/\/nelsonmonuments.com\/?s={search_term_string}"},"query-input":{"@type":"PropertyValueSpecification","valueRequired":true,"valueName":"search_term_string"}}],"inLanguage":"fr-FR"}]}},"_links":{"self":[{"href":"https:\/\/nelsonmonuments.com\/fr\/wp-json\/wp\/v2\/pages\/1007","targetHints":{"allow":["GET"]}}],"collection":[{"href":"https:\/\/nelsonmonuments.com\/fr\/wp-json\/wp\/v2\/pages"}],"about":[{"href":"https:\/\/nelsonmonuments.com\/fr\/wp-json\/wp\/v2\/types\/page"}],"author":[{"embeddable":true,"href":"https:\/\/nelsonmonuments.com\/fr\/wp-json\/wp\/v2\/users\/68"}],"replies":[{"embeddable":true,"href":"https:\/\/nelsonmonuments.com\/fr\/wp-json\/wp\/v2\/comments?post=1007"}],"version-history":[{"count":0,"href":"https:\/\/nelsonmonuments.com\/fr\/wp-json\/wp\/v2\/pages\/1007\/revisions"}],"wp:attachment":[{"href":"https:\/\/nelsonmonuments.com\/fr\/wp-json\/wp\/v2\/media?parent=1007"}],"curies":[{"name":"wp","href":"https:\/\/api.w.org\/{rel}","templated":true}]}}